{"id":44,"date":"2025-12-03T18:23:42","date_gmt":"2025-12-03T18:23:42","guid":{"rendered":"https:\/\/italianscandinavian.com\/?page_id=44"},"modified":"2026-03-30T16:23:50","modified_gmt":"2026-03-30T16:23:50","slug":"pongase-en-contacto-con","status":"publish","type":"page","link":"https:\/\/italianscandinavian.com\/es\/pongase-en-contacto-con\/","title":{"rendered":"P\u00f3ngase en contacto con"},"content":{"rendered":"<h1>P\u00f3ngase en contacto con<\/h1>\n<h1>Estamos aqu\u00ed para apoyar sus operaciones globales<\/h1>\n<div>\n<p>Si necesita ayuda con la log\u00edstica de plazos cr\u00edticos, la coordinaci\u00f3n de repuestos de buques, los tr\u00e1mites aduaneros, el almacenamiento o el transporte internacional de mercanc\u00edas, nuestro equipo est\u00e1 preparado para ofrecerle un servicio r\u00e1pido, preciso y fiable. <strong>Italian Scandinavian Ships Supply &amp; Logistics<\/strong> opera con un compromiso de receptividad y profesionalidad, garantizando que cada consulta se trate con cuidado y prioridad.<\/p>\n<\/div>\n<ul>\n<li>\n<p>24.2069,4.2188<\/p>\n<\/li>\n<li>\n<p>44.4073,8.93386<\/p>\n<h3>G\u00e9nova<\/h3>\n<\/li>\n<li>\n<p>25.1888,55.2975<\/p>\n<h3>Dubai<\/h3>\n<\/li>\n<li>\n<p>25.7743,-80.1937<\/p>\n<h3>Miami<\/h3>\n<\/li>\n<li>\n<p>10.7758,106.702<\/p>\n<h3>Ho Chi Minh<\/h3>\n<\/li>\n<li>\n<p>1.29048,103.852<\/p>\n<h3>Singapur<\/h3>\n<\/li>\n<\/ul>\n<h1>Ponte en contacto<\/h1>\n<div>Para presupuestos, solicitudes operativas, apoyo documental o informaci\u00f3n general, p\u00f3ngase en contacto con nuestro equipo de log\u00edstica. Respondemos r\u00e1pidamente a todas las consultas y proporcionamos asistencia espec\u00edfica para los env\u00edos en curso y las operaciones mar\u00edtimas.<\/div>\n<div>\n\n            <div \n                class=\"elfsight-widget-contact-form elfsight-widget\" \n                data-elfsight-contact-form-options=\"%7B%22ei%22%3A%22%22%2C%22fields%22%3A%5B%7B%22type%22%3A%22text%22%2C%22placeholder%22%3A%22John%20Doe%22%2C%22description%22%3A%22%22%2C%22label%22%3A%22Your%20name%22%2C%22required%22%3Afalse%2C%22columnWidth%22%3A50%7D%2C%7B%22type%22%3A%22email%22%2C%22label%22%3A%22Email%20address%22%2C%22description%22%3A%22%22%2C%22placeholder%22%3A%22example%40domain.com%22%2C%22required%22%3Atrue%2C%22columnWidth%22%3A50%2C%22id%22%3A%22%5Bemail-address%5D%22%7D%2C%7B%22type%22%3A%22phone%22%2C%22label%22%3A%22Phone%22%2C%22placeholder%22%3A%22%2B1-999-999-9999%22%2C%22description%22%3A%22%22%2C%22required%22%3Afalse%2C%22columnWidth%22%3A50%7D%2C%7B%22type%22%3A%22textarea%22%2C%22label%22%3A%22Message%22%2C%22description%22%3A%22%22%2C%22placeholder%22%3A%22Tell%20us%20briefly%20about%20your%20needs%22%2C%22required%22%3Atrue%2C%22columnWidth%22%3A100%7D%5D%2C%22headerActive%22%3Atrue%2C%22headerTitle%22%3A%22Get%20in%20Touch%22%2C%22headerText%22%3A%22Leave%20your%20message%20and%20we%27ll%20get%20back%20to%20you%20shortly.%22%2C%22headerPictureUrl%22%3A%22message%22%2C%22footerText%22%3A%22%22%2C%22actionAfterSubmit%22%3A%22message%22%2C%22successMessage%22%3A%22Your%20message%20was%20successfully%20sent%21%20We%20will%20reply%20to%20you%20shortly.%22%2C%22successContinueText%22%3A%22OK%22%2C%22redirectUrl%22%3A%22https%3A%5C%2F%5C%2Fexample.com%22%2C%22submitText%22%3A%22Submit%22%2C%22stepsMessagesDivider%22%3Anull%2C%22stepsMessagesTitle%22%3Anull%2C%22stepsText%22%3A%22step%20%251%20of%20%252%22%2C%22stepBackText%22%3A%22Back%22%2C%22stepNextText%22%3A%22Next%22%2C%22errorMessageAllRequired%22%3A%22Please%2C%20fill%20all%20the%20required%20fields%22%2C%22errorMessageAllIncorrect%22%3A%22Please%2C%20fill%20all%20the%20fields%20correctly%22%2C%22errorMessageSetMailTo%22%3A%22Please%2C%20set%20the%20email%20to%20send%20messages%20to%22%2C%22errorMessageRequiredCaptcha%22%3A%22Please%2C%20enter%20the%20captcha%22%2C%22errorMessageFileSizeLimit%22%3A%22File%20size%20limit%20exceeded%22%2C%22errorMessageFileNotAllowed%22%3A%22File%20extension%20not%20allowed%22%2C%22errorMessageUnknown%22%3A%22Unknown%20error%22%2C%22errorMessageRequired%22%3A%22Required%20field%22%2C%22errorMessageInvalid%22%3A%22Invalid%22%2C%22errorMessageInvalidEmail%22%3A%22Invalid%20email%22%2C%22errorMessageInvalidPhone%22%3A%22Invalid%20phone%20number%22%2C%22errorMessageInvalidUrl%22%3A%22Invalid%20URL%22%2C%22calendarWeekdaysShorthand%22%3A%22Sun%5CnMon%5CnTue%5CnWed%5CnThu%5CnFri%5CnSat%22%2C%22calendarMonthsLonghand%22%3A%22January%5CnFebruary%5CnMarch%5CnApril%5CnMay%5CnJune%5CnJuly%5CnAugust%5CnSeptember%5CnOctober%5CnNovember%5CnDecember%22%2C%22showProgress%22%3Atrue%2C%22recaptchaType%22%3A%22invisible%22%2C%22integrationsGoogleToken%22%3A%22%22%2C%22integrationsGoogleSheetId%22%3A%22%22%2C%22layout%22%3A%22boxed%22%2C%22floatingIcon%22%3A%22message%22%2C%22floatingText%22%3A%22%22%2C%22floatingPosition%22%3A%22right%22%2C%22width%22%3A%22AUTO%22%2C%22style%22%3A%22classic%22%2C%22mainColor%22%3A%22rgba%2828%2C%20145%2C%20255%2C%201%29%22%2C%22apiUrl%22%3A%22https%3A%5C%2F%5C%2Fitalianscandinavian.com%5C%2Fes%5C%2Fwp-json%5C%2Felfsight-contact-form%5C%2Fapi%22%2C%22recaptchaKeyCheckbox%22%3A%226LfXGHgUAAAAAHNIE_EH7kEI1l4xvf_ynIlg5bfo%22%2C%22recaptchaKeyInvisible%22%3A%226Ld1CXgUAAAAAFTHmixC1Eo-NP7_3ddB1YOj9AfX%22%2C%22widgetId%22%3A%221%22%7D\" \n                data-elfsight-contact-form-version=\"2.3.1\"\n                data-elfsight-widget-id=\"elfsight-contact-form-1\">\n            <\/div>\n            \n<\/div>\n<h1>Italian Scandinavian Ships Supply &amp; Logistics<\/h1>\n<div>\n<div><strong>Ubicaci\u00f3n de la oficina:<\/strong><\/div>\n<div><span class=\"Apple-tab-span\"> <\/span>Palazzina Ponte Caracciolo 1<\/div>\n<div><span class=\"Apple-tab-span\"> <\/span>16126 G\u00e9nova - ITALIA<\/div>\n<div><span class=\"Apple-tab-span\"><\/span><strong>Tel\u00e9fono<\/strong> +39 010 246 88 68<\/div>\n<div><span class=\"Apple-tab-span\"><\/span><strong>Tel\u00e9fono<\/strong> +39 010 246 89 64<\/div>\n<div><span class=\"Apple-tab-span\"><\/span><strong>correo electr\u00f3nico<\/strong>: itasca@italianscandinavian.com<br \/><strong>Operaciones<\/strong>: ops@italianscandinavian.com\u00a0<\/div>\n<\/div>\n<div>\n<p><b>Horario comercial<br \/><\/b>De lunes a viernes\u00a0<br \/>09:00 - 12:30<br \/>14:30 - 18:30 (CET)<\/p>\n<p><strong>Asistencia disponible 24 horas al d\u00eda, 7 d\u00edas a la semana<br \/><\/strong> para operaciones con plazos cr\u00edticos<br \/>Tel\u00e9fono:<strong>+39 327 905 6592<\/strong><\/p>\n<\/div>\n<hr>\n<div>\n<p><b>\u00bfPor qu\u00e9 contactar con nosotros?<\/b><\/p>\n<p><span class=\"Apple-tab-span\"> <\/span>\u2022<span class=\"Apple-tab-span\"> <\/span>Respuesta r\u00e1pida de un equipo log\u00edstico especializado<br \/>\u2022<span class=\"Apple-tab-span\"> <\/span>Asistencia para env\u00edos urgentes y complejos<br \/>\u2022<span class=\"Apple-tab-span\"> <\/span>Experiencia en la cadena de suministro mar\u00edtima e industrial<br \/>\u2022<span class=\"Apple-tab-span\"> <\/span>Asistencia en aduanas y documentaci\u00f3n<br \/>\u2022<span class=\"Apple-tab-span\"> <\/span>Coordinaci\u00f3n de almac\u00e9n y consolidaci\u00f3n<br \/>\u2022<span class=\"Apple-tab-span\"> <\/span>Cobertura mundial a trav\u00e9s de nuestros centros internacionales<\/p>\n<p>Sus operaciones son sensibles al tiempo, y nosotros estamos aqu\u00ed para garantizar que nunca se detengan.<\/p>\n<p><b>Italian Scandinavian Ships Supply &amp; Logistics<\/b><\/p>\n<p>Precisi\u00f3n, fiabilidad y alcance global para las industrias m\u00e1s exigentes del mundo.<\/p>\n<\/div>\n<p><p>\n        <a href=\"\/es\/perfil-de-la-empresa\/\">M\u00e1s informaci\u00f3n<\/a>\n    <\/p>\n<\/p>\n<div>\n<p>44.4066,8.9099<\/p>\n<h3>Italiano Escandinavo Italia<\/h3>\n<p>Sede y almac\u00e9n <\/p>\n<div>\n<p>Palazzina Ponte Caracciolo 1 <br \/>16126 G\u00e9nova - ITALIA<\/p>\n<\/div>\n<\/div>\n<p><!--more--><br \/>\n<!-- {\"type\":\"layout\",\"children\":[{\"type\":\"section\",\"props\":{\"image_position\":\"center-center\",\"padding\":\"xsmall\",\"style\":\"primary\",\"title_breakpoint\":\"xl\",\"title_position\":\"top-left\",\"title_rotation\":\"left\",\"vertical_align\":\"middle\",\"width\":\"large\"},\"children\":[{\"type\":\"row\",\"children\":[{\"type\":\"column\",\"props\":{\"image_position\":\"center-center\",\"position_sticky_breakpoint\":\"m\",\"vertical_align\":\"middle\"},\"children\":[{\"type\":\"headline\",\"props\":{\"content\":\"Contact\",\"text_align\":\"center\",\"title_element\":\"h1\",\"title_style\":\"heading-small\"}},{\"type\":\"headline\",\"props\":{\"content\":\"We\\u2019re Here to Support Your Global Operations\",\"margin_remove_top\":true,\"text_align\":\"center\",\"title_element\":\"h1\",\"title_style\":\"h4\"}}]}]}]},{\"type\":\"section\",\"props\":{\"image_position\":\"center-center\",\"style\":\"default\",\"title_breakpoint\":\"xl\",\"title_position\":\"top-left\",\"title_rotation\":\"left\",\"vertical_align\":\"middle\",\"width\":\"large\"},\"children\":[{\"type\":\"row\",\"props\":{\"column_gap\":\"large\",\"divider\":false,\"layout\":\"2-3,1-3\"},\"children\":[{\"type\":\"column\",\"props\":{\"image_position\":\"center-center\",\"position_sticky_breakpoint\":\"m\",\"width_medium\":\"2-3\"},\"children\":[{\"type\":\"text\",\"props\":{\"column_breakpoint\":\"m\",\"content\":\"\n\n<p>Whether you need assistance with time-critical logistics, ship spare coordination, customs procedures, warehousing, or international freight forwarding, our team is ready to provide fast, precise, and reliable service. <strong>Italian Scandinavian Ships Supply &amp; Logistics<\\\/strong> operates with a commitment to responsiveness and professionalism, ensuring that every inquiry is handled with care and priority.<\\\/p>\",\"margin\":\"default\",\"text_style\":\"large\"}},{\"type\":\"map\",\"props\":{\"clustering\":false,\"controls\":false,\"dragging\":false,\"height\":350,\"image_svg_color\":\"emphasis\",\"link_style\":\"default\",\"link_text\":\"Read more\",\"margin\":\"default\",\"marker_icon\":\"wp-content\\\/uploads\\\/2025\\\/12\\\/iscand-group-locations-1.png\",\"marker_icon_height\":\"40%\",\"marker_icon_width\":\"40%\",\"max_zoom\":18,\"meta_align\":\"below-title\",\"meta_element\":\"div\",\"meta_style\":\"meta\",\"min_zoom\":0,\"poi\":false,\"show_content\":true,\"show_image\":true,\"show_link\":true,\"show_meta\":true,\"show_title\":true,\"title_color\":\"background\",\"title_element\":\"h3\",\"title_hover_style\":\"reset\",\"type\":\"roadmap\",\"zoom\":\"2\",\"zooming\":false},\"children\":[{\"type\":\"map_item\",\"props\":{\"hide\":true,\"location\":\"24.2069,4.2188\"}},{\"type\":\"map_item\",\"props\":{\"location\":\"44.4073,8.93386\",\"show_popup\":false,\"title\":\"Genoa\"}},{\"type\":\"map_item\",\"props\":{\"location\":\"25.1888,55.2975\",\"show_popup\":false,\"title\":\"Dubai\"}},{\"type\":\"map_item\",\"props\":{\"location\":\"25.7743,-80.1937\",\"show_popup\":false,\"title\":\"Miami\"}},{\"type\":\"map_item\",\"props\":{\"location\":\"10.7758,106.702\",\"title\":\"Ho Chi Minh\"}},{\"type\":\"map_item\",\"props\":{\"location\":\"1.29048,103.852\",\"title\":\"Singapore\"}}],\"name\":\"mmappa tutti\"},{\"type\":\"headline\",\"props\":{\"content\":\"Get in Touch\",\"margin_remove_top\":true,\"title_color\":\"primary\",\"title_element\":\"h1\",\"title_style\":\"h4\"}},{\"type\":\"text\",\"props\":{\"column_breakpoint\":\"m\",\"content\":\"For quotes, operational requests, documentation support, or general information, please contact our logistics team. We respond promptly to all inquiries and provide dedicated assistance for ongoing shipments and maritime operations.\",\"margin\":\"default\"}},{\"type\":\"text\",\"props\":{\"column_breakpoint\":\"m\",\"content\":\"\n\n<p>[elfsight_contact_form id=\\\"1\\\"]<\\\/p>\",\"margin\":\"default\"}}]},{\"type\":\"column\",\"props\":{\"image_position\":\"center-center\",\"position_sticky_breakpoint\":\"m\",\"width_medium\":\"1-3\"},\"children\":[{\"type\":\"headline\",\"props\":{\"content\":\"Italian Scandinavian Ships Supply &amp; Logistics\",\"margin_remove_top\":true,\"title_color\":\"primary\",\"title_element\":\"h1\",\"title_style\":\"h4\"}},{\"type\":\"text\",\"props\":{\"column_breakpoint\":\"m\",\"content\":\"\n\n<div><strong>Office Location:<\\\/strong><\\\/div>\\n\n\n<div><span class=\\\"Apple-tab-span\\\"> <\\\/span>Palazzina Ponte Caracciolo 1<\\\/div>\\n\n\n<div><span class=\\\"Apple-tab-span\\\"> <\\\/span>16126 Genova \\u2013 ITALY<\\\/div>\\n\n\n<div><span class=\\\"Apple-tab-span\\\"><\\\/span><strong>Phone<\\\/strong> +39 010 246 88 68<\\\/div>\\n\n\n<div><span class=\\\"Apple-tab-span\\\"><\\\/span><strong>Phone<\\\/strong> +39 010 246 89 64<\\\/div>\\n\n\n<div><span class=\\\"Apple-tab-span\\\"><\\\/span><strong>email<\\\/strong>: itasca@italianscandinavian.com<br \\\/><strong>Operations<\\\/strong>: ops@italianscandinavian.com\\u00a0<\\\/div>\",\"margin\":\"default\"}},{\"type\":\"text\",\"props\":{\"column_breakpoint\":\"m\",\"content\":\"\n\n<p><b>Business Hours<br \\\/><\\\/b>Monday to Friday\\u00a0<br \\\/>09:00 \\u2013 12:30<br \\\/>14:30 \\u2014 18:30 (CET)<\\\/p>\\n\n\n<p><strong>24\\\/7 Support Available<br \\\/><\\\/strong> for Time-Critical Operations<br \\\/>Phone: \\u202a<strong>+39 327 905 6592\\u202c<\\\/strong><\\\/p>\",\"margin\":\"default\"}},{\"type\":\"divider\",\"props\":{\"divider_element\":\"hr\",\"divider_style\":\"vertical\"}},{\"type\":\"text\",\"props\":{\"column_breakpoint\":\"m\",\"content\":\"\n\n<p><b>Why Contact Us?<\\\/b><\\\/p>\\n\n\n<p><span class=\\\"Apple-tab-span\\\"> <\\\/span>\\u2022<span class=\\\"Apple-tab-span\\\"> <\\\/span>Fast response from a dedicated logistics team<br \\\/>\\u2022<span class=\\\"Apple-tab-span\\\"> <\\\/span>Support for urgent and complex shipments<br \\\/>\\u2022<span class=\\\"Apple-tab-span\\\"> <\\\/span>Maritime and industrial supply chain expertise<br \\\/>\\u2022<span class=\\\"Apple-tab-span\\\"> <\\\/span>Customs &amp; documentation assistance<br \\\/>\\u2022<span class=\\\"Apple-tab-span\\\"> <\\\/span>Warehouse and consolidation coordination<br \\\/>\\u2022<span class=\\\"Apple-tab-span\\\"> <\\\/span>Global coverage through our international hubs<\\\/p>\\n\n\n<p>Your operations are time-sensitive, and we are here to ensure they never stop.<\\\/p>\\n\n\n<p><b>Italian Scandinavian Ships Supply &amp; Logistics<\\\/b><\\\/p>\\n\n\n<p>Precision, reliability, and global reach for the world\\u2019s most demanding industries.<\\\/p>\",\"margin\":\"default\"}},{\"type\":\"button\",\"props\":{\"grid_column_gap\":\"small\",\"grid_row_gap\":\"small\",\"margin\":\"default\",\"text_align\":\"center\"},\"children\":[{\"type\":\"button_item\",\"props\":{\"button_style\":\"primary\",\"content\":\"Discover More\",\"dialog_layout\":\"modal\",\"dialog_offcanvas_flip\":true,\"icon_align\":\"left\",\"link\":\"company-profile\\\/\"}}],\"name\":\"discover more\"}]}]}]},{\"type\":\"section\",\"props\":{\"image_position\":\"center-center\",\"padding\":\"none\",\"style\":\"default\",\"title_breakpoint\":\"xl\",\"title_position\":\"top-left\",\"title_rotation\":\"left\",\"vertical_align\":\"middle\",\"width\":\"\"},\"children\":[{\"type\":\"row\",\"children\":[{\"type\":\"column\",\"props\":{\"image_position\":\"center-center\",\"position_sticky_breakpoint\":\"m\"},\"children\":[{\"type\":\"map\",\"props\":{\"controls\":true,\"dragging\":true,\"image_svg_color\":\"emphasis\",\"link_style\":\"default\",\"link_text\":\"Read more\",\"margin\":\"default\",\"max_zoom\":18,\"meta_align\":\"below-title\",\"meta_element\":\"div\",\"meta_style\":\"text-meta\",\"min_zoom\":0,\"poi\":false,\"show_content\":true,\"show_image\":true,\"show_link\":true,\"show_meta\":true,\"show_title\":true,\"title_element\":\"h3\",\"title_hover_style\":\"reset\",\"type\":\"roadmap\",\"viewport_height\":\"viewport\",\"viewport_height_viewport\":40,\"zoom\":\"14\",\"zooming\":false},\"children\":[{\"type\":\"map_item\",\"props\":{\"content\":\"\n\n<p>Palazzina Ponte Caracciolo 1 <br \\\/>16126 Genova \\u2013 ITALY<\\\/p>\",\"location\":\"44.4066,8.9099\",\"meta\":\"Headquarters and Warehouse \",\"title\":\"Italian Scandinavian Italy\"}}]}]}]}]}],\"version\":\"4.5.32\"} --><\/p>","protected":false},"excerpt":{"rendered":"<p>Contact We\u2019re Here to Support Your Global Operations Whether you need assistance with time-critical logistics, ship spare coordination, customs procedures, warehousing, or international freight forwarding, our team is ready to provide fast, precise, and reliable service. Italian Scandinavian Ships Supply &amp; Logistics operates with a commitment to responsiveness and professionalism, ensuring that every inquiry is [&hellip;]<\/p>","protected":false},"author":1,"featured_media":0,"parent":0,"menu_order":0,"comment_status":"closed","ping_status":"closed","template":"","meta":{"footnotes":""},"class_list":["post-44","page","type-page","status-publish","hentry"],"_links":{"self":[{"href":"https:\/\/italianscandinavian.com\/es\/wp-json\/wp\/v2\/pages\/44","targetHints":{"allow":["GET"]}}],"collection":[{"href":"https:\/\/italianscandinavian.com\/es\/wp-json\/wp\/v2\/pages"}],"about":[{"href":"https:\/\/italianscandinavian.com\/es\/wp-json\/wp\/v2\/types\/page"}],"author":[{"embeddable":true,"href":"https:\/\/italianscandinavian.com\/es\/wp-json\/wp\/v2\/users\/1"}],"replies":[{"embeddable":true,"href":"https:\/\/italianscandinavian.com\/es\/wp-json\/wp\/v2\/comments?post=44"}],"version-history":[{"count":34,"href":"https:\/\/italianscandinavian.com\/es\/wp-json\/wp\/v2\/pages\/44\/revisions"}],"predecessor-version":[{"id":396,"href":"https:\/\/italianscandinavian.com\/es\/wp-json\/wp\/v2\/pages\/44\/revisions\/396"}],"wp:attachment":[{"href":"https:\/\/italianscandinavian.com\/es\/wp-json\/wp\/v2\/media?parent=44"}],"curies":[{"name":"wp","href":"https:\/\/api.w.org\/{rel}","templated":true}]}}